{"id":33226,"date":"2025-05-15T13:05:26","date_gmt":"2025-05-15T11:05:26","guid":{"rendered":"https:\/\/taximarket.es\/zapas\/?post_type=product&#038;p=33226"},"modified":"2025-05-15T13:08:02","modified_gmt":"2025-05-15T11:08:02","slug":"replica-adidas-originals-gazelle-indoor-red","status":"publish","type":"product","link":"https:\/\/taximarket.es\/zapas\/producto\/replica-adidas-originals-gazelle-indoor-red\/","title":{"rendered":"R\u00e9plica adidas Originals Gazelle Indoor Red"},"content":{"rendered":"<p><strong>Pedidos y Cancelaciones:<\/strong><br \/>\nPuedes cancelar tu pedido en un plazo de 1 hora despu\u00e9s de realizarlo o antes de que sea confirmado por el vendedor, lo que suceda primero. Si han pasado m\u00e1s de 1 horas desde que hiciste el pedido y\/o el vendedor ya ha confirmado el pedido, entonces no se podr\u00e1 cancelar. Si has realizado la compra como invitado, te recomendamos crear una cuenta en Taximarket para un mejor seguimiento de tus pedidos.<\/p>\n<p><strong>Env\u00edos:<\/strong><br \/>\nLos productos normales suelen tardar de 1 a 3 d\u00edas en prepararse para su env\u00edo.<br \/>\nLos productos de lujo como las Golden Goose pueden tardar de 3 a 6 d\u00edas en prepararse para su env\u00edo.<br \/>\nDespu\u00e9s de que los env\u00edos son despachados, suelen tardar entre 6 a 8 d\u00edas en ser entregados, dependiendo del destino. Si deseas una entrega m\u00e1s r\u00e1pida, ofrecemos la opci\u00f3n de env\u00edo express.<\/p>\n<p><strong>Devoluciones y Cambios de Talla:<\/strong><br \/>\nEn Taximarket, entendemos la importancia del ajuste perfecto. Por lo tanto, te alentamos a utilizar nuestra gu\u00eda de tallas antes de realizar tu compra para evitar errores de talla. En caso de que se presente un problema de talla, lamentablemente no realizamos devoluciones. Te recomendamos revisar cuidadosamente las medidas proporcionadas en nuestra gu\u00eda de tallas para asegurarte de seleccionar la talla correcta.<\/p>\n","protected":false},"excerpt":{"rendered":"<p>Este producto es una r\u00e9plica. NO es un producto original propiedad de una marca consolidada, lo cual tambi\u00e9n justifica su precio, muy por debajo del precio de mercado actual que barajan las grandes marcas reputadas de zapatillas de similar apariencia.<\/p>\n","protected":false},"featured_media":33228,"comment_status":"open","ping_status":"closed","template":"","meta":[],"product_brand":[],"product_cat":[116],"product_tag":[209],"giftcard-category":[],"class_list":{"0":"post-33226","1":"product","2":"type-product","3":"status-publish","4":"has-post-thumbnail","6":"product_cat-adidas","7":"product_tag-mega-days","9":"first","10":"instock","11":"shipping-taxable","12":"purchasable","13":"product-type-variable"},"jetpack_sharing_enabled":true,"_links":{"self":[{"href":"https:\/\/taximarket.es\/zapas\/wp-json\/wp\/v2\/product\/33226","targetHints":{"allow":["GET"]}}],"collection":[{"href":"https:\/\/taximarket.es\/zapas\/wp-json\/wp\/v2\/product"}],"about":[{"href":"https:\/\/taximarket.es\/zapas\/wp-json\/wp\/v2\/types\/product"}],"replies":[{"embeddable":true,"href":"https:\/\/taximarket.es\/zapas\/wp-json\/wp\/v2\/comments?post=33226"}],"wp:featuredmedia":[{"embeddable":true,"href":"https:\/\/taximarket.es\/zapas\/wp-json\/wp\/v2\/media\/33228"}],"wp:attachment":[{"href":"https:\/\/taximarket.es\/zapas\/wp-json\/wp\/v2\/media?parent=33226"}],"wp:term":[{"taxonomy":"product_brand","embeddable":true,"href":"https:\/\/taximarket.es\/zapas\/wp-json\/wp\/v2\/product_brand?post=33226"},{"taxonomy":"product_cat","embeddable":true,"href":"https:\/\/taximarket.es\/zapas\/wp-json\/wp\/v2\/product_cat?post=33226"},{"taxonomy":"product_tag","embeddable":true,"href":"https:\/\/taximarket.es\/zapas\/wp-json\/wp\/v2\/product_tag?post=33226"},{"taxonomy":"giftcard-category","embeddable":true,"href":"https:\/\/taximarket.es\/zapas\/wp-json\/wp\/v2\/giftcard-category?post=33226"}],"curies":[{"name":"wp","href":"https:\/\/api.w.org\/{rel}","templated":true}]}}