{"id":15996,"date":"2023-09-17T18:34:04","date_gmt":"2023-09-17T16:34:04","guid":{"rendered":"https:\/\/taximarket.es\/zapas\/?page_id=15996"},"modified":"2023-10-23T13:45:17","modified_gmt":"2023-10-23T11:45:17","slug":"politica-de-privacidad","status":"publish","type":"page","link":"https:\/\/taximarket.es\/zapas\/politica-de-privacidad\/","title":{"rendered":"Pol\u00edtica de Privacidad"},"content":{"rendered":"\t\t<div data-elementor-type=\"wp-page\" data-elementor-id=\"15996\" class=\"elementor elementor-15996\" data-elementor-post-type=\"page\">\n\t\t\t\t\t\t<section class=\"elementor-section elementor-top-section elementor-element elementor-element-9a56170 elementor-section-boxed elementor-section-height-default elementor-section-height-default\" data-id=\"9a56170\" data-element_type=\"section\">\n\t\t\t\t\t\t<div class=\"elementor-container elementor-column-gap-default\">\n\t\t\t\t\t<div class=\"elementor-column elementor-col-100 elementor-top-column elementor-element elementor-element-5ceea09\" data-id=\"5ceea09\" data-element_type=\"column\">\n\t\t\t<div class=\"elementor-widget-wrap elementor-element-populated\">\n\t\t\t\t\t\t<div class=\"elementor-element elementor-element-9d43bad elementor-widget elementor-widget-text-editor\" data-id=\"9d43bad\" data-element_type=\"widget\" data-widget_type=\"text-editor.default\">\n\t\t\t\t<div class=\"elementor-widget-container\">\n\t\t\t\t\t\t\t<p><b>PROTECCI\u00d3N DE DATOS<\/b><\/p>\n<p>La visita a este Sitio Web no supone que el usuario est\u00e9 obligado a facilitar ninguna informaci\u00f3n sobre s\u00ed mismo. En el caso de que el usuario quiera proceder a realizar una compra de los productos a trav\u00e9s de la pasarela de compra on-line, deber\u00e1 proporcionar los datos personales requeridos como necesarios, con la finalidad de que el Titular del Sitio Web pueda cumplir con el encargo realizado y poder cumplir debidamente con las obligaciones fiscales derivadas, en este caso, como requisito imprescindible para completar el registro previo a la compra, el usuario deber\u00e1 leer y aceptar expresamente la pol\u00edtica de privacidad y las condiciones generales y particulares de la contrataci\u00f3n de este Sitio Web.&nbsp;<\/p>\n<p>Si el Usuario proporciona alguna informaci\u00f3n de car\u00e1cter personal, los datos recogidos en este Sitio Web ser\u00e1n utilizados con la finalidad, en la forma y con las limitaciones y derechos que recoge la normativa vigente en materia de Protecci\u00f3n de Datos de Car\u00e1cter Personal y la normativa de protecci\u00f3n de datos de car\u00e1cter personal en vigor, y conforme se le explica y detalla en la nuestra pol\u00edtica de protecci\u00f3n de datos de car\u00e1cter personal y que el usuario ha le\u00eddo, comprendido y aceptado expresamente al registrarse en este sitio Web.&nbsp;<\/p>\n<p>En cumplimiento de lo establecido en dichas normas, el Titular como responsable de los ficheros le informa, que sus datos de car\u00e1cter personal recogidos a trav\u00e9s del Sitio Web ser\u00e1n objeto de tratamiento automatizado en nuestros ficheros los cuales est\u00e1n protegidos por medidas de seguridad inform\u00e1tica que impiden su libre acceso, y garantizan su anonimizaci\u00f3n y confidencialidad.&nbsp;<\/p>\n<p>La finalidad de los ficheros es gestionar las peticiones formuladas y contestar las mismas as\u00ed como actividades propias de nuestro objeto social, consistente en actividades de promoci\u00f3n y venta de los productos mostrados en este Sitio Web y las de gesti\u00f3n administrativa y contable de la empresa. Con la aceptaci\u00f3n de nuestra pol\u00edtica de privacidad, usted como usuario est\u00e1 consintiendo que sus datos sean tratados de forma expresa la finalidad publicitaria y\/o informativa de nuestros productos y de las novedades de que se produzcan y que consideremos que pueden ser objeto de su inter\u00e9s mediante nuestro env\u00edo de publicidad, ya sea mediante newsletter, publicidad digital, telef\u00f3nica o por rrss.&nbsp;<\/p>\n<p>El Titular le informa que una vez finalizada la relaci\u00f3n contractual entre las partes, por su normal finalizaci\u00f3n o bien porque usted como interesado manifieste su voluntad de dar de baja sus datos en nuestros ficheros, o bien por haber transcurrido m\u00e1s de un a\u00f1o sin ning\u00fan tipo de actividad entre las partes, la empresa \u00fanicamente los conservar\u00e1 durante el tiempo estrictamente necesario para el cumplimiento de sus obligaciones legales. Los datos se trasladar\u00e1n a un fichero de naturaleza temporal y s\u00f3lo de consulta, donde ser\u00e1n almacenados de forma segura y donde estar\u00e1n protegidos por medidas de seguridad inform\u00e1tica que impiden su libre acceso, y garantizan su anonimizaci\u00f3n y confidencialidad durante el tiempo de obligada conservaci\u00f3n.<\/p>\n<p>Como usuario e interesado, y en virtud de su derecho de informaci\u00f3n, en este apartado le informamos expresamente de que usted es titular de los derechos que se indican a continuaci\u00f3n, y los cuales son respetados por el Titular en el tratamiento de sus datos de car\u00e1cter personal:&nbsp;<\/p>\n<ul>\n<li>Derecho de acceso: En virtud del derecho de acceso el afectado podr\u00e1 obtener del responsable del tratamiento informaci\u00f3n relativa a datos concretos, incluidos en un determinado fichero, o a la totalidad de sus datos sometidos a tratamiento. Este derecho, constituye el pilar de los derechos que tiene el afectado, ya que se le otorga un derecho a conocer los datos sometidos a tratamiento, y por consiguiente, hacer posible su poder de control sobre los datos, de esta forma, el interesado est\u00e1 facultado a conocer la informaci\u00f3n relativa a su persona que conste en bases de datos y ficheros automatizados o no.&nbsp;<\/li>\n<li>Derecho de rectificaci\u00f3n: es el derecho del afectado a que se modifiquen los datos que resulten ser inexactos o incompletos.&nbsp;<\/li>\n<li>Derecho de cancelaci\u00f3n: El ejercicio del derecho de cancelaci\u00f3n dar\u00e1 lugar a que se supriman los datos que resulten ser inadecuados o excesivos, sin perjuicio del deber de bloqueo conforme a lo previsto en la normativa vigente.<\/li>\n<li>Derecho de oposici\u00f3n: es el derecho del afectado a que no se lleve a cabo el tratamiento de sus datos de car\u00e1cter personal o se cese en el mismo en los siguientes supuestos:<\/li>\n<li>Cuando no sea necesario su consentimiento para el tratamiento, como consecuencia de la concurrencia de un motivo leg\u00edtimo y fundado, referido a su concreta situaci\u00f3n personal, que lo justifique, siempre que una Ley no disponga lo contrario.<\/li>\n<li>Cuando se trate de ficheros que tengan por finalidad la realizaci\u00f3n de actividades de publicidad y prospecci\u00f3n comercial, cualquiera que sea la empresa responsable de su creaci\u00f3n.<\/li>\n<li>Cuando el tratamiento tenga por finalidad la adopci\u00f3n de una decisi\u00f3n referida al afectado y basada \u00fanicamente en un tratamiento automatizado de sus datos de car\u00e1cter personal.<\/li>\n<li>Derecho de transparencia: Todo tratamiento de datos personales debe ser l\u00edcito y leal. Para las personas f\u00edsicas debe quedar totalmente claro que se est\u00e1n recogiendo, utilizando, consultando o tratando de otra manera datos personales que les conciernen, as\u00ed como la medida en que dichos datos son o ser\u00e1n tratados.<\/li>\n<li>Derecho al olvido: El interesado tendr\u00e1 derecho a obtener sin dilaci\u00f3n indebida del responsable del tratamiento la supresi\u00f3n de los datos personales que le conciernan, el cual estar\u00e1 obligado a suprimir sin dilaci\u00f3n indebida los datos personales cuando concurra alguna de las circunstancias siguientes:<\/li>\n<li>Los datos personales ya no sean necesarios en relaci\u00f3n con los fines para los que fueron recogidos o tratados de otro modo.<\/li>\n<li>El interesado retire el consentimiento en que se basa el tratamiento de conformidad con lo previsto en la normativa vigente.<\/li>\n<li>El interesado se oponga al tratamiento con arreglo lo previsto en la normativa vigente.<\/li>\n<li>Los datos personales hayan sido tratados il\u00edcitamente<\/li>\n<li>Los datos personales deban suprimirse para el cumplimiento de una obligaci\u00f3n legal establecida en el Derecho de la Uni\u00f3n o de los Estados miembros que se aplique al responsable del tratamiento<\/li>\n<li>Derecho a la limitaci\u00f3n del tratamiento: El interesado tendr\u00e1 derecho a obtener del responsable del tratamiento la limitaci\u00f3n del tratamiento de los datos cuando se cumpla alguna de las condiciones siguientes:<\/li>\n<li>El interesado impugne la exactitud de los datos personales, durante un plazo que permita al responsable verificar la exactitud de los mismos.<\/li>\n<li>El tratamiento sea il\u00edcito y el interesado se oponga a la supresi\u00f3n de los datos personales y solicite en su lugar la limitaci\u00f3n de su uso.<\/li>\n<li>El responsable ya no necesite los datos personales para los fines del tratamiento, pero el interesado los necesite para la formulaci\u00f3n, el ejercicio o la defensa de reclamaciones.<\/li>\n<li>El interesado se haya opuesto al tratamiento en virtud de lo previsto en la normativa vigente, mientras se verifica si los motivos leg\u00edtimos del responsable prevalecen sobre los del interesado.<\/li>\n<li>Derecho a la portabilidad de los datos: El interesado tendr\u00e1 derecho a recibir los datos personales que le incumban, que haya facilitado a un responsable del tratamiento, en un formato estructurado, de uso com\u00fan y lectura mec\u00e1nica, y a transmitirlos a otro responsable del tratamiento sin que lo impida el responsable al que se los hubiera facilitado, cuando:<\/li>\n<li>El tratamiento est\u00e9 basado en el consentimiento con arreglo a lo previsto en la normativa vigente,&nbsp;y<\/li>\n<li>El tratamiento se efect\u00fae por medios automatizados<\/li>\n<\/ul>\n<p>Todos los derechos anteriores, as\u00ed como aquellos que puedan surgir conforme a la normativa vigente en protecci\u00f3n de datos, ya sea nacional o de la UE son personal\u00edsimos y ser\u00e1n ejercidos por el afectado.<\/p>\n<p>Tales derechos se ejercitar\u00e1n:<\/p>\n<p>\u25aa Por el afectado, acreditando su identidad, del modo previsto en el apartado siguiente.<\/p>\n<p>\u25aa Cuando el afectado se encuentre en situaci\u00f3n de incapacidad o minor\u00eda de edad que le imposibilite el ejercicio personal de estos derechos, podr\u00e1n ejercitarse por su representante legal, en cuyo caso ser\u00e1 necesario que acredite tal condici\u00f3n.<\/p>\n<p>\u25aa Los derechos tambi\u00e9n podr\u00e1n ejercitarse a trav\u00e9s de representante voluntario, expresamente designado para el ejercicio del derecho. En ese caso, deber\u00e1 constar claramente acreditada la identidad del representado, mediante la aportaci\u00f3n de copia de su Documento Nacional de Identidad o documento equivalente, y la representaci\u00f3n conferida por aqu\u00e9l.&nbsp;<\/p>\n<p>Las condiciones generales para el ejercicio de los derechos son:<\/p>\n<ul>\n<li>Los derechos son derechos independientes, de tal forma que no puede entenderse que el ejercicio de ninguno de ellos sea requisito previo para el ejercicio de otro.<\/li>\n<li>El ejercicio por el afectado de sus derechos ser\u00e1 gratuito.<\/li>\n<\/ul>\n<p>El ejercicio de los derechos deber\u00e1 llevarse a cabo mediante comunicaci\u00f3n dirigida al responsable del fichero, que contendr\u00e1:<\/p>\n<ul>\n<li>Nombre y apellidos del interesado; fotocopia de su documento nacional de identidad, o de su pasaporte u otro documento v\u00e1lido que lo identifique y, en su caso, de la persona que lo represente, o instrumentos electr\u00f3nicos equivalentes; as\u00ed como el documento o instrumento electr\u00f3nico acreditativo de tal representaci\u00f3n. La utilizaci\u00f3n de firma electr\u00f3nica identificativa del afectado eximir\u00e1 de la presentaci\u00f3n de las fotocopias del DNI o documento equivalente.<\/li>\n<\/ul>\n<p>El p\u00e1rrafo anterior se entender\u00e1 sin perjuicio de la normativa espec\u00edfica aplicable a la comprobaci\u00f3n de datos de identidad por las Administraciones P\u00fablicas en los procedimientos administrativos.<\/p>\n<ul>\n<li>Petici\u00f3n en que se concreta la solicitud.<\/li>\n<li>Direcci\u00f3n a efectos de notificaciones, fecha y firma del solicitante.<\/li>\n<li>Documentos acreditativos de la petici\u00f3n que formula, en su caso.<\/li>\n<\/ul>\n<p>Asimismo, una vez informado de sus derechos, y en relaci\u00f3n a los datos proporcionados el cliente acepta expresamente que:<\/p>\n<ul>\n<li>Sus datos sean utilizados para enviarle informaci\u00f3n, formaci\u00f3n y comercializaci\u00f3n de nuestros servicios, por v\u00eda convencional o electr\u00f3nica que pueda considerar de su inter\u00e9s dentro de los servicios que prestamos.<\/li>\n<li>En caso de ser facilitados por el usuario datos de contacto personales de terceras personas \u2013como por ejemplo, trabajadores del usuario-, \u00e9ste se compromete a comunicar a los titulares de dichos datos la presente cl\u00e1usula, inform\u00e1ndoles, con car\u00e1cter previo a dicha comunicaci\u00f3n al Titular del Sitio Web de todos los aspectos recogidos en la misma, en especial la existencia del fichero, las finalidades del tratamiento y la posibilidad de ejercicio de derechos. En caso de no ser comunicada, el usuario se compromete a dejar indemne al Titular del Sitio Web, por cualquier da\u00f1o, perjuicio, gasto o sanci\u00f3n de cualquier orden jurisdiccional que pudiese traer causa de la falta de comunicaci\u00f3n de esta cl\u00e1usula a los titulares de los datos facilitados por el usuario.<\/li>\n<li>Procederemos a la cancelaci\u00f3n de los datos recogidos cuando dejen de ser necesarios o pertinentes para la finalidad para la que hubiesen sido recabados, o cuando usted como usuario, as\u00ed nos lo solicite conforme a su derecho de cancelaci\u00f3n.&nbsp;<\/li>\n<li>Caso que los datos recabados se utilizasen para una finalidad distinta para la cual hubiesen sido recabados o recogidos se requerir\u00e1 el consentimiento expreso y previo de los interesados.<\/li>\n<\/ul>\n<p>El Titular del Sitio Web informa expresamente que se han adoptado todas las medidas t\u00e9cnicas y organizativas necesarias a nuestro alcance para garantizar la seguridad e integridad de los datos, as\u00ed como para evitar su alteraci\u00f3n, perdida, tratamiento o acceso no autorizado<\/p>\n<p>Los datos solicitados por el Titular del Sitio Web son obligatorios. La negativa a proporcionar los datos solicitados supondr\u00e1 la no prestaci\u00f3n o la imposibilidad de acceder al servicio para los que eran solicitados.&nbsp;<\/p>\n<p>Podr\u00e1 en cualquier momento ejercer sus derechos de protecci\u00f3n de datos de car\u00e1cter personal dirigi\u00e9ndose al Titular del Sitio Web., cuyos datos de contacto constan al inicio del aviso legal.&nbsp;<\/p>\n<p><b>INFORMACI\u00d3N Y CONSENTIMIENTO<\/b><\/p>\n<p>De conformidad con lo dispuesto en el Reglamento UE 679\/2015 de Protecci\u00f3n de Datos, mediante la aceptaci\u00f3n de la presente Pol\u00edtica de Privacidad el Usuario (en adelante, el \u201cUsuario\u201d) presta su consentimiento informado, expreso, libre e inequ\u00edvoco para que los datos personales recabados a trav\u00e9s del Sitio Web www.taximarket.es (en adelante, el \u201cSitio Web\u201d) sean tratados por TAXIMARKET conforme a lo dispuesto en la presente Pol\u00edtica de Privacidad.<\/p>\n<p>Todos los datos personales solicitados al Usuario en el Sitio Web son obligatorios, no siendo posible el acceso o registro en Sitio Web si no se facilitan dichos datos.<\/p>\n<p>Asimismo, cuando los datos personales sean recabados a trav\u00e9s de formularios que se puedan habilitar en el Sitio Web con motivo del desarrollo de su actividad, ser\u00e1 necesario que el Usuario aporte, al menos, aquellos marcados con un asterisco ya que, si no se suministrasen esos datos considerados necesarios, no podremos prestar el servicio al Usuario a trav\u00e9s del Sitio Web.<\/p>\n<p>El Usuario garantiza que los datos personales facilitados a TAXIMARKET son ciertos y exactos, con lo que TAXIMARKET no se har\u00e1 responsable de cualquier incidencia derivada de la inexactitud o falsedad de la informaci\u00f3n proporcionada por los Usuarios.<\/p>\n<p>El Usuario, como \u00fanico responsable del tratamiento, ser\u00e1 responsable de cumplir con toda la normativa de protecci\u00f3n de datos aplicable. Adem\u00e1s, el Usuario acepta obtener todos los consentimientos, autorizaciones y\/o aprobaciones legalmente necesarias antes de incluir datos personales en el Sitio Web o utilizar el Sitio Web.<\/p>\n<p><\/p>\n<p><b>FINALIDAD DEL TRATAMIENTO<\/b><\/p>\n<p>Los datos personales del Usuario o de terceros que sean cedidos por el Usuario ser\u00e1n tratados por TAXIMARKET a trav\u00e9s de Sitio Web \u00fanicamente para las siguientes finalidades:<\/p>\n<p>1) Llevar a cabo las funcionalidades del Sitio Web destinadas a la prestaci\u00f3n de los servicios ofrecidos en el mismo.<\/p>\n<p>2) Dar cumplimiento a las obligaciones legalmente establecidas.<\/p>\n<p>En ning\u00fan caso realizaremos alguna de las siguientes actividades:<\/p>\n<p>1) Ceder los datos a otras personas o entidades, sin el consentimiento previo de los Usuarios.<\/p>\n<p>2) Transferirlos a otros Estados, sin el consentimiento previo de los Usuarios.<\/p>\n<p><\/p>\n<p><b>DATOS DEL USUARIO<\/b><\/p>\n<p>El Usuario garantiza que los datos aportados son verdaderos, exactos, completos y actualizados, siendo \u00e9ste responsable de cualquier da\u00f1o o perjuicio, directo o indirecto, que pudiera ocasionarse como consecuencia del incumplimiento de tal obligaci\u00f3n.<\/p>\n<p>En el caso de que los datos aportados pertenecieran a un tercero, el Usuario garantiza que ha informado a dicho tercero de los aspectos contenidos en este documento y obtenido su autorizaci\u00f3n para facilitar sus datos al responsable para los fines anteriormente se\u00f1alados.<\/p>\n<p><span style=\"color: var( --e-global-color-text ); font-family: var( --e-global-typography-text-font-family ), Sans-serif; font-size: 1.3rem;\">TAXIMARKET<\/span>&nbsp;no puede garantizar la absoluta invulnerabilidad de los sistemas, por tanto, no asume ninguna responsabilidad por los da\u00f1os y perjuicios derivados de alteraciones que terceros puedan causar en los sistemas inform\u00e1ticos, documentos electr\u00f3nicos o ficheros.<\/p>\n<p><\/p>\n<p><b>POL\u00cdTICA DE COOKIES<\/b><\/p>\n<p>De conformidad con lo dispuesto en el RGPD y la Ley 34\/2002, de Servicios de la Sociedad de la Informaci\u00f3n, todos los datos de car\u00e1cter personal obtenidos mediante las cookies durante la utilizaci\u00f3n de Sitio Web, ser\u00e1n tratados de conformidad con los dispuestos en la Pol\u00edtica de Cookies.<\/p>\n<p><\/p>\n<p><b>EJERCICIO DE DERECHOS<\/b><\/p>\n<p>De conformidad con lo dispuesto en el RGPD, le informamos que puede ejercer sus derechos de acceso, rectificaci\u00f3n, cancelaci\u00f3n, oposici\u00f3n, limitaci\u00f3n del tratamiento y portabilidad, solicit\u00e1ndolo por escrito a trav\u00e9s de cualquiera de los medios siguientes, adjuntando en todo caso una copia de documento acreditativo de su identidad y concretando el derecho o derechos que desea ejercer, directamente a&nbsp;TAXIMARKET&nbsp;a trav\u00e9s del siguiente e-mail: hola@taximarket.es.<\/p>\n<p><\/p>\n<p><b>ACEPTACI\u00d3N DE LA POL\u00cdTICA DE PRIVACIDAD<\/b><\/p>\n<p>El Usuario reconoce y acepta haber le\u00eddo y comprendido la presente Pol\u00edtica de Privacidad cuyo contenido constituye la totalidad del acuerdo entre el Usuario y&nbsp;TAXIMARKET&nbsp;con respecto al uso y tratamiento de su informaci\u00f3n personal dentro del Sitio Web.<\/p>\n<p>El Usuario expresamente acepta obligarse en los t\u00e9rminos de la presente Pol\u00edtica de Privacidad, en toda su extensi\u00f3n y alcance, sin exceptuar cualquiera de sus disposiciones.<\/p>\n<p>Adem\u00e1s de las disposiciones contenidas en la presente Pol\u00edtica de Privacidad, el Usuario se obliga a dar cumplimiento a al <b>Aviso Legal<\/b>.<\/p>\n<p><span style=\"color: var( --e-global-color-text ); font-family: var( --e-global-typography-text-font-family ), Sans-serif; font-size: 1.3rem;\">TAXIMARKET<\/span>&nbsp;se reserva el derecho de actualizar y realizar cambios en la Pol\u00edtica de Privacidad incluso sin mediar notificaci\u00f3n previa al Usuario. Tales modificaciones deber\u00e1n hacerse efectivas en el momento de su publicaci\u00f3n en el Sitio Web, donde estar\u00e1n disponible para el Usuario en todo momento. En este sentido, recomendamos al Usuario consultar regularmente el contenido de la Pol\u00edtica de Privacidad para estar al tanto de cualquier modificaci\u00f3n que afecte al procesamiento de datos dentro del Sitio Web.<\/p>\t\t\t\t\t\t<\/div>\n\t\t\t\t<\/div>\n\t\t\t\t\t<\/div>\n\t\t<\/div>\n\t\t\t\t\t<\/div>\n\t\t<\/section>\n\t\t\t\t<\/div>\n\t\t","protected":false},"excerpt":{"rendered":"<p>PROTECCI\u00d3N DE DATOS La visita a este Sitio Web no supone que el usuario est\u00e9 obligado a facilitar[&#8230;]<\/p>\n","protected":false},"author":1,"featured_media":0,"parent":0,"menu_order":0,"comment_status":"closed","ping_status":"closed","template":"","meta":{"footnotes":""},"class_list":["post-15996","page","type-page","status-publish","hentry"],"jetpack_sharing_enabled":true,"_links":{"self":[{"href":"https:\/\/taximarket.es\/zapas\/wp-json\/wp\/v2\/pages\/15996","targetHints":{"allow":["GET"]}}],"collection":[{"href":"https:\/\/taximarket.es\/zapas\/wp-json\/wp\/v2\/pages"}],"about":[{"href":"https:\/\/taximarket.es\/zapas\/wp-json\/wp\/v2\/types\/page"}],"author":[{"embeddable":true,"href":"https:\/\/taximarket.es\/zapas\/wp-json\/wp\/v2\/users\/1"}],"replies":[{"embeddable":true,"href":"https:\/\/taximarket.es\/zapas\/wp-json\/wp\/v2\/comments?post=15996"}],"version-history":[{"count":5,"href":"https:\/\/taximarket.es\/zapas\/wp-json\/wp\/v2\/pages\/15996\/revisions"}],"predecessor-version":[{"id":24985,"href":"https:\/\/taximarket.es\/zapas\/wp-json\/wp\/v2\/pages\/15996\/revisions\/24985"}],"wp:attachment":[{"href":"https:\/\/taximarket.es\/zapas\/wp-json\/wp\/v2\/media?parent=15996"}],"curies":[{"name":"wp","href":"https:\/\/api.w.org\/{rel}","templated":true}]}}