{"id":15990,"date":"2023-09-17T18:26:33","date_gmt":"2023-09-17T16:26:33","guid":{"rendered":"https:\/\/taximarket.es\/zapas\/?page_id=15990"},"modified":"2023-10-23T13:35:00","modified_gmt":"2023-10-23T11:35:00","slug":"politica-de-cookies","status":"publish","type":"page","link":"https:\/\/taximarket.es\/zapas\/politica-de-cookies\/","title":{"rendered":"Pol\u00edtica de Cookies"},"content":{"rendered":"\t\t<div data-elementor-type=\"wp-page\" data-elementor-id=\"15990\" class=\"elementor elementor-15990\" data-elementor-post-type=\"page\">\n\t\t\t\t\t\t<section class=\"elementor-section elementor-top-section elementor-element elementor-element-5872ec9 elementor-section-boxed elementor-section-height-default elementor-section-height-default\" data-id=\"5872ec9\" data-element_type=\"section\">\n\t\t\t\t\t\t<div class=\"elementor-container elementor-column-gap-default\">\n\t\t\t\t\t<div class=\"elementor-column elementor-col-100 elementor-top-column elementor-element elementor-element-1bdd4f4\" data-id=\"1bdd4f4\" data-element_type=\"column\">\n\t\t\t<div class=\"elementor-widget-wrap elementor-element-populated\">\n\t\t\t\t\t\t<div class=\"elementor-element elementor-element-5fe2f95 elementor-widget elementor-widget-text-editor\" data-id=\"5fe2f95\" data-element_type=\"widget\" data-widget_type=\"text-editor.default\">\n\t\t\t\t<div class=\"elementor-widget-container\">\n\t\t\t\t\t\t\t<p>Esta Pol\u00edtica de Cookies es complemento de la Pol\u00edtica de Privacidad del sitio web www.taximarket.com (en adelante, el \u201c<b>Sitio Web<\/b>\u201d) titularidad de TAXIMARKET (en adelante, \u201c<b>TAXIMARKET\u201d<\/b>). El acceso y la navegaci\u00f3n por el Sitio Web, o el uso de los servicios del mismo, implican la aceptaci\u00f3n de lo establecido en Aviso Legal del Sitio Web y de su Pol\u00edtica de Privacidad.<\/p><p>Con el fin de facilitar la navegaci\u00f3n por el Sitio Web, TAXIMARKET le comunica que utiliza cookies u otros archivos de funcionalidad similar (en adelante, las \u201c<b>Cookies<\/b>\u201d).<\/p><p><b>\u00bfQu\u00e9 es una Cookie?<\/b><\/p><p>Las Cookies son archivos que contienen peque\u00f1as cantidades de informaci\u00f3n que se descargan en el dispositivo del usuario cuando visita una p\u00e1gina web. Su finalidad principal es reconocer al usuario cada vez que accede al Sitio Web permitiendo, adem\u00e1s, mejorar la calidad y ofrecer un mejor uso de Sitio Web.<\/p><p>Las Cookies son esenciales para el funcionamiento de Internet, ya que ayudan, entre otras funciones, a identificar y resolver posibles errores de funcionamiento del Sitio Web.<\/p><p><b>Uso de Cookies por parte de TAXIMARKET<\/b><\/p><p>El acceso al Sitio Web supone la aceptaci\u00f3n expresa de la utilizaci\u00f3n de las Cookies detalladas en la presente Pol\u00edtica en aquellos dispositivos utilizados para realizar dicho acceso. Si se desactivan las Cookies, puede que el uso del Sitio Web no sea \u00f3ptimo y algunas de las utilidades de que dispone el Sitio Web no funcionen correctamente.<\/p><p>Concretamente, TAXIMARKET est\u00e1 utilizando las Cookies para la identificaci\u00f3n de aquellos usuarios que aceptan el uso de cookies por parte del Sitio Web y permitir la instalaci\u00f3n de las mimas, permitir el log-in de los usuarios en aquellos casos en los que \u00e9ste sea necesario para acceder a determinadas secciones de Sitio Web, as\u00ed como recordar los datos de log-in de dichos usuarios en futuras visitas y poder ofrecer as\u00ed una experiencia de navegaci\u00f3n m\u00e1s c\u00f3moda, as\u00ed como evaluar el uso del Sitio Web y la actividad del mismo.<\/p><p>Asimismo, las Cookies ayudan protegen a los usuarios de posibles ataques que puedan recibir de terceros.<\/p><p><b>Cookies propias<\/b><\/p><p>Cookies t\u00e9cnicas y de personalizaci\u00f3n:<\/p><p>Estas Cookies facilitan el acceso y navegaci\u00f3n del usuario por el Sitio Web en cada una de sus visitas al mismo y la utilizaci\u00f3n de las diferentes opciones o servicios que existen como, por ejemplo, el idioma predeterminado que el usuario utiliza en el Sitio Web.\u00a0<\/p><p><b>Cu\u00e1les se utilizan en el sitio<\/b><\/p><p>El sitio web www.taximarket.es utiliza los siguientes tipos de <i>cookies<\/i> para su correcto funcionamiento o para finalidades estad\u00edsticas y\/o publicitarias;<\/p><p><b>Cookie <\/b>_ga | <b>Duraci\u00f3n <\/b>2 a\u00f1os | <b>Finalidad <\/b>Procedente de Google Analytics, recopila informaci\u00f3n y ofrece estad\u00edsticas de uso del sitio sin identificar personalmente a los usuarios.<\/p><p><b>Cookie <\/b>_gat | <b>Duraci\u00f3n <\/b>10 minutos | <b>Finalidad <\/b>Procedente de Google Analytics, sirve per a limitar el n\u00famero de solicitudes hechas a doubleclick.net<\/p><p><b>Cookie <\/b>_utma | <b>Duraci\u00f3n <\/b>2 a\u00f1os | <b>Finalidad <\/b>Se utiliza para distinguir usuarios y sesiones. La cookie se crea cuando se ejecuta la biblioteca JavaScript y no hay ninguna cookie __utma. Se actualiza cada vez que se env\u00edan datos a Google Analytics.<\/p><p><b>Cookie <\/b>_utmt | <b>Duraci\u00f3n <\/b>10 minutos | <b>Finalidad <\/b>Se utiliza para limitar el porcentaje de solicitudes.<\/p><p><b>Cookie <\/b>__utmb | <b>Duraci\u00f3n <\/b>30 minutos a partir de la configuraci\u00f3n o actualizaci\u00f3n | <b>Finalidad <\/b>Se usa para determinar nuevas sesiones o visitas. \u00c9sta cookie se crea cuando se ejecuta la biblioteca JavaScript y no hay ninguna cookie __utmb. La cookie se actualiza cada vez que se env\u00edan datos a Google Analytics.<\/p><p><b>Cookie <\/b>__utmz | <b>Duraci\u00f3n <\/b>6 meses des de la configuraci\u00f3n o actualizaci\u00f3n | <b>Finalidad <\/b>Esta cookie almacena la fuente de tr\u00e1fico o la campa\u00f1a que explica c\u00f3mo ha llegado el usuario al sitio. Se crea cuando se ejecuta la biblioteca JavaScript y se actualiza cada vez que se env\u00edan datos a Google Analytics.<\/p><p><b>Configuraci\u00f3n del usuario para evitar Cookies<\/b><\/p><p>En cumplimiento de la normativa legal vigente, ponemos a su disposici\u00f3n la informaci\u00f3n que le permita configurar su navegador\/navegadores de Internet para mantener su privacidad y seguridad en relaci\u00f3n con las Cookies. Por ello, le facilitamos la informaci\u00f3n y enlaces a los sitios de soporte oficiales de los principales navegadores para que pueda decidir si desea o no aceptar el uso de Cookies.<\/p><p>As\u00ed, puede bloquear las Cookies a trav\u00e9s de las herramientas de configuraci\u00f3n del navegador, o bien, puede configurar su navegador para que le avise cuando un servidor quiera guardar una Cookie;<\/p><ul><li>Internet Explorer: Herramientas | Opciones de Internet | Privacidad | Configuraci\u00f3n<\/li><li>Firefox: Herramientas | Opciones | Privacidad | Historial | Configuraci\u00f3n Personalizada<\/li><li>Chrome: Configuraci\u00f3n | Mostrar opciones avanzadas | Privacidad | Configuraci\u00f3n de contenido<\/li><li>Safari: Preferencias | Seguridad<\/li><\/ul><p>En caso de que el usuario decida desactivar todas las Cookies, la calidad y rapidez del servicio podr\u00eda disminuir. Puede encontrar m\u00e1s informaci\u00f3n sobre cookies en: www.allaboutcookies.org.<\/p><p><b>\u00daltima actualizaci\u00f3n; 1 de agosto de 2019<\/b><\/p><p>La informaci\u00f3n ofrecida es de fecha 01\/08\/2019 y le informamos que con el paso del tiempo puede no resultar exhaustiva, a pesar de que peri\u00f3dicamente la presente pol\u00edtica de cookies es revisada.<\/p><p>Si tiene dudas sobre esta pol\u00edtica de cookies, puede contactar con TAXIMARKET en <a href=\"mailto:info@bitsneakers.es\">hola@taximarket.es<\/a>.<\/p>\t\t\t\t\t\t<\/div>\n\t\t\t\t<\/div>\n\t\t\t\t\t<\/div>\n\t\t<\/div>\n\t\t\t\t\t<\/div>\n\t\t<\/section>\n\t\t\t\t<\/div>\n\t\t","protected":false},"excerpt":{"rendered":"<p>Esta Pol\u00edtica de Cookies es complemento de la Pol\u00edtica de Privacidad del sitio web www.taximarket.com (en adelante, el[&#8230;]<\/p>\n","protected":false},"author":1,"featured_media":0,"parent":0,"menu_order":0,"comment_status":"closed","ping_status":"closed","template":"","meta":{"footnotes":""},"class_list":["post-15990","page","type-page","status-publish","hentry"],"jetpack_sharing_enabled":true,"_links":{"self":[{"href":"https:\/\/taximarket.es\/zapas\/wp-json\/wp\/v2\/pages\/15990","targetHints":{"allow":["GET"]}}],"collection":[{"href":"https:\/\/taximarket.es\/zapas\/wp-json\/wp\/v2\/pages"}],"about":[{"href":"https:\/\/taximarket.es\/zapas\/wp-json\/wp\/v2\/types\/page"}],"author":[{"embeddable":true,"href":"https:\/\/taximarket.es\/zapas\/wp-json\/wp\/v2\/users\/1"}],"replies":[{"embeddable":true,"href":"https:\/\/taximarket.es\/zapas\/wp-json\/wp\/v2\/comments?post=15990"}],"version-history":[{"count":5,"href":"https:\/\/taximarket.es\/zapas\/wp-json\/wp\/v2\/pages\/15990\/revisions"}],"predecessor-version":[{"id":24979,"href":"https:\/\/taximarket.es\/zapas\/wp-json\/wp\/v2\/pages\/15990\/revisions\/24979"}],"wp:attachment":[{"href":"https:\/\/taximarket.es\/zapas\/wp-json\/wp\/v2\/media?parent=15990"}],"curies":[{"name":"wp","href":"https:\/\/api.w.org\/{rel}","templated":true}]}}